{"id":56,"date":"2016-09-22T09:30:00","date_gmt":"2016-09-22T07:30:00","guid":{"rendered":"http:\/\/kmsrouter.dyndns.org\/highstreet_com\/?page_id=56"},"modified":"2025-10-21T10:21:05","modified_gmt":"2025-10-21T08:21:05","slug":"imprint","status":"publish","type":"page","link":"https:\/\/www.highstreet-technologies.com\/index.php\/imprint\/","title":{"rendered":"Impressum"},"content":{"rendered":"<p>Due to the german law (Digitale-Dienste-Gesetz), we have to offer the following information.<\/p>\n<hr \/>\n<p>highstreet technologies GmbH<br \/>H\u00e4hnelstra\u00dfe 6<br \/>12159 Berlin<\/p>\n<p>Telefon: +49 (0) 151 58 84 81 04<br \/>Telefax: +49 (0) 180 50 60 34 02 02 14<\/p>\n<p>E-Mail: info[add]highstreet-technologies.com<br \/>Internet: www.highstreet-technologies.com<\/p>\n<p>Gesch\u00e4ftsf\u00fchrer: Alfons Mittermaier<\/p>\n<p>Registergericht: Amtsgericht Berlin-Charlottenburg<br \/>Registernummer: HRB 114905 B<br \/>USt-IdNr.: DE261090513<\/p>\n<p>Bewerbungen an: jobs[add]highstreet-technologies.com<br \/>Beachten Sie unsere <a href=\"https:\/\/www.highstreet-technologies.com\/index.php\/datenschutzerklarung-fur-bewerberinnen-und-bewerber\/\"> Datenschutzerkl\u00e4rung f\u00fcr Bewerberinnen und Bewerber<\/a><\/p>\n<hr \/>\n<h4>Grafik &amp; Design<\/h4>\n<p><a href=\"http:\/\/www.studio-grafico.de\/\" target=\"_blank\" rel=\"noopener\">Studio Grafico<\/a><\/p>\n<hr \/>\n<h3>Rechtliche Hinweise (Disclaimer)<\/h3>\n<h4>Inhalte der Webseite<\/h4>\n<p>Die Inhalte dieses Webauftritts werden mit gr\u00f6\u00dftm\u00f6glicher Sorgfalt erstellt. Die highstreet technologies GmbH \u00fcbernimmt jedoch keine Gew\u00e4hr f\u00fcr die Richtigkeit, Vollst\u00e4ndigkeit und Aktualit\u00e4t der bereitgestellten Inhalte.<\/p>\n<h4>Verf\u00fcgbarkeit der Website<\/h4>\n<p>Die highstreet technologies GmbH ist bestrebt, den Dienst unterbrechungsfrei zum Abruf anzubieten. Auch bei aller Sorgfalt k\u00f6nnen aber Ausfallzeiten nicht ausgeschlossen werden. Die highstreet technologies GmbH beh\u00e4lt sich das Recht vor, ihr Angebot jederzeit zu \u00e4ndern oder einzustellen. F\u00fcr durch nicht fehlerfrei angelegte Dateien oder nicht fehlerfrei strukturierte Formate bedingte Unterbrechungen oder anderweitige St\u00f6rungen \u00fcbernimmt sie keine Gew\u00e4hr.<\/p>\n<h4>Hinweis zum Urheberrecht<\/h4>\n<p>Alle Inhalte und Strukturen dieser Website sind urheber- und leistungsschutzrechtlich gesch\u00fctzt. Die Ver\u00f6ffentlichung im World Wide Web oder in sonstigen Diensten des Internets bedeutet noch keine Einverst\u00e4ndniserkl\u00e4rung f\u00fcr eine anderweitige Nutzung durch Dritte. Jede vom deutschen Urheberrecht nicht zugelassene Verwertung bedarf der vorherigen schriftlichen Zustimmung der highstreet technologies GmbH.<\/p>\n<p>Das Zitieren der bereitgestellten Inhalte und Dokumente sowie das Setzen von Links auf diese Website sind ausdr\u00fccklich erlaubt, solange kenntlich gemacht wird, dass es sich um Inhalte des Webauftritts der highstreet technologies GmbH handelt und diese Inhalte nicht in Verbindung mit Inhalten Dritter gebracht werden, die den Interessen der highstreet technologies GmbH widersprechen.<\/p>\n<h4>Hinweis zur Verwendung externer Links<\/h4>\n<p>Die highstreet technologies GmbH ist f\u00fcr die eigenen Inhalte, die sie zur Nutzung bereith\u00e4lt, nach den allgemeinen Gesetzen verantwortlich. Von diesen eigenen Inhalten sind Querverweise (Links) auf die von anderen Anbietern bereitgehaltenen Inhalte zu unterscheiden. Durch den Querverweis h\u00e4lt die highstreet technologies GmbH insofern fremde Inhalte zur Nutzung bereit, die als Link gekennzeichnet sind.<\/p>\n<p>Bei Links handelt es sich um dynamische Verweisungen. Die highstreet technologies GmbH hat bei der erstmaligen Verkn\u00fcpfung zwar den fremden Inhalt daraufhin \u00fcberpr\u00fcft, ob durch ihn eine m\u00f6gliche zivilrechtliche oder strafrechtliche Verantwortlichkeit ausgel\u00f6st wird. Sie \u00fcberpr\u00fcft aber die Inhalte, auf die sie in ihrem Angebot verweist, nicht st\u00e4ndig auf Ver\u00e4nderungen, die eine Verantwortlichkeit neu begr\u00fcnden k\u00f6nnten. Wenn sie feststellt oder von anderen darauf hingewiesen wird, dass ein konkretes Angebot, zu dem sie einen Link bereitgestellt hat, eine zivil- oder strafrechtliche Verantwortlichkeit ausl\u00f6st, wird sie den Verweis auf dieses Angebot aufheben.<br \/>Quelle: <a href=\"https:\/\/www.datenschutz-berlin.de\/disclaimer\/\"> Berliner Beauftragte f\u00fcr Datenschutz und Informationsfreiheit<\/a><\/p>\n\n\n<p><\/p>\n","protected":false},"excerpt":{"rendered":"<p>Due to the german law (Digitale-Dienste-Gesetz), we have to offer the following information. highstreet technologies GmbHH\u00e4hnelstra\u00dfe 612159 Berlin Telefon: +49 (0) 151 58 84 81 04Telefax: +49 (0) 180 50 60 34 02 02 14 E-Mail: info[add]highstreet-technologies.comInternet: www.highstreet-technologies.com Gesch\u00e4ftsf\u00fchrer: Alfons Mittermaier Registergericht: Amtsgericht Berlin-CharlottenburgRegisternummer: HRB 114905 BUSt-IdNr.: DE261090513 Bewerbungen an: jobs[add]highstreet-technologies.comBeachten Sie unsere Datenschutzerkl\u00e4rung f\u00fcr &hellip; <a href=\"https:\/\/www.highstreet-technologies.com\/index.php\/imprint\/\" class=\"more-link\">Continue reading<span class=\"screen-reader-text\"> &#8220;Impressum&#8221;<\/span><\/a><\/p>\n","protected":false},"author":3175,"featured_media":0,"parent":0,"menu_order":0,"comment_status":"closed","ping_status":"closed","template":"","meta":{"footnotes":""},"class_list":["post-56","page","type-page","status-publish","hentry"],"_links":{"self":[{"href":"https:\/\/www.highstreet-technologies.com\/index.php\/wp-json\/wp\/v2\/pages\/56","targetHints":{"allow":["GET"]}}],"collection":[{"href":"https:\/\/www.highstreet-technologies.com\/index.php\/wp-json\/wp\/v2\/pages"}],"about":[{"href":"https:\/\/www.highstreet-technologies.com\/index.php\/wp-json\/wp\/v2\/types\/page"}],"author":[{"embeddable":true,"href":"https:\/\/www.highstreet-technologies.com\/index.php\/wp-json\/wp\/v2\/users\/3175"}],"replies":[{"embeddable":true,"href":"https:\/\/www.highstreet-technologies.com\/index.php\/wp-json\/wp\/v2\/comments?post=56"}],"version-history":[{"count":39,"href":"https:\/\/www.highstreet-technologies.com\/index.php\/wp-json\/wp\/v2\/pages\/56\/revisions"}],"predecessor-version":[{"id":848,"href":"https:\/\/www.highstreet-technologies.com\/index.php\/wp-json\/wp\/v2\/pages\/56\/revisions\/848"}],"wp:attachment":[{"href":"https:\/\/www.highstreet-technologies.com\/index.php\/wp-json\/wp\/v2\/media?parent=56"}],"curies":[{"name":"wp","href":"https:\/\/api.w.org\/{rel}","templated":true}]}}